{"id":4,"date":"2021-08-10T14:42:44","date_gmt":"2021-08-10T14:42:44","guid":{"rendered":"https:\/\/becascesi.org\/?page_id=4"},"modified":"2021-08-10T18:37:57","modified_gmt":"2021-08-10T18:37:57","slug":"home","status":"publish","type":"page","link":"https:\/\/becascesi.org\/","title":{"rendered":"Home"},"content":{"rendered":"<div\n      class=\"kv-control-placeholder kv-_page\"\n      data-kv-control=\"1\">\n    <\/div> <section class=\"background-id_808080m16 section-2 meruhy39 undefined kv-full-page\" style=\" position:relative;\">\n  <a name=\"section2\"><\/a>\n    <div\n    class=\"kv-control-placeholder kv-_section\"\n    data-kv-control=\"background\">\n  <\/div> <div class='kv-background  ' style=\" background-color: rgb(80,80,80);\">\n        \n        <div class='kv-background-inner ' data-image=\"background-image: url(&#x27;https:\/\/images.builderservices.io\/s\/cdn\/v1.0\/i\/m?url&#x3D;https%3A%2F%2Fimages.unsplash.com%2Fphoto-1549890762-0a3f8933bc76%3Fcrop%3Dentropy%26cs%3Dtinysrgb%26fit%3Dmax%26fm%3Djpg%26ixid%3DMnw1NTEzfDB8MXxzZWFyY2h8MTV8fEhlYWx0aHxlbnwxfHx8fDE2Mjg2MDQ1NzY%26ixlib%3Drb-1.2.1%26q%3D80%26w%3D2000&#x27;);\" style=\"\n          background-image: url(&#x27;https:\/\/images.builderservices.io\/s\/cdn\/v1.0\/i\/m?url&#x3D;https%3A%2F%2Fimages.unsplash.com%2Fphoto-1549890762-0a3f8933bc76%3Fcrop%3Dentropy%26cs%3Dtinysrgb%26fit%3Dmax%26fm%3Djpg%26ixid%3DMnw1NTEzfDB8MXxzZWFyY2h8MTV8fEhlYWx0aHxlbnwxfHx8fDE2Mjg2MDQ1NzY%26ixlib%3Drb-1.2.1%26q%3D80%26w%3D2000&#x27;);\n          \n          \n          background-color: rgb(80,80,80);\n          opacity: 0.5;\"><\/div>\n          \n<\/div>\n  <div class=\"position-relative kv-content\">\n    <div\n    class=\"kv-control-placeholder kv-_section\"\n    data-kv-control=\"content\">\n  <\/div> <div class=\"kv-ee-section kv-ee-section--lg kv-full-page\"><div class=\"kv-ee-container kv-ee-spacing \"><div class=\"kv-ee-row\"><div class=\"kv-ee-col-lg-6 kv-ee-col-xl-6\"> <h2 class=\"kv-ee-cover-title kv-ee-section-title\" data-type=\"text\" tabindex=\"0\">Bienvenidos a CESI<br><font class=\"cstm-fnt\" style=\"font-size: 60.01%;\">Becas de<br><b><font class=\"cstm-fnt\" style=\"font-size: 83.3194%;\">Complementos financiero para Estudiantes de Salud I<\/font><\/b><\/font><font class=\"cstm-fnt\" style=\"font-size: 50%;\">d\u00f3nea<\/font><span data-prop=\"title\" class=\"ck-editable-element\" data-editable=\"basic\" style=\"display:none;\"><\/span><\/h2> <\/div><div class=\"kv-ee-col-lg-6 kv-ee-col-xl-6 kv-ee-subsection\"> <p class=\"kv-ee-cover-subtitle kv-ee-section-subtitle kv-ee-title--md\" data-type=\"text\" tabindex=\"0\">Misi\u00f3n<span data-prop=\"subtitle\" class=\"ck-editable-element\" data-editable=\"basic\" style=\"display:none;\"><\/span><\/p> <p class=\"kv-ee-cover-description kv-ee-section-description kv-ee-body--md\" data-type=\"text\" tabindex=\"0\">La fundaci\u00f3n estar\u00e1 complementando financieramente a estudiantes de salud que por necesidades han tenido que dejar la vocaci\u00f3n durante estos tiempos dif\u00edciles. El objetivo es trabajar con los mismos para que en horas no laborales puedan completar sus estudios y graduarse para poder brindar ayuda a los convalecientes.<span data-prop=\"description\" class=\"ck-editable-element\" data-editable=\"basic\" style=\"display:none;\"><\/span><\/p> <a  class=\"\n    kv-ee-button-ghost kv-ee-button-md kv-ee-button kv-ee-m-2 undefined\n    kv-ee-button-dynamic-buttons kv-button-instant-edit\n    kv-ee-button-ghost-text\n  \" data-index=\"0\" data-type=\"button\" tabindex=\"0\" data-href=\"contactanos\" href=\"contactanos\"   data-property=\"buttons\"  >\n        \n        \n        <div style=\"\" class=\"kv-ee-button-has-title\">Informaci\u00f3n<div\n          data-editable=\"button\"\n          data-prop=\"buttons.0.title\"\n          style=\"display:none;\">\n        <\/div><\/div>\n      <\/a> <\/div><\/div><\/div><\/div>\n  <\/div>\n<\/section>\n<style scoped>.meruhy39 .kv-ee-section{display:flex;align-items:center;box-sizing:content-box}.meruhy39 .kv-ee-cover-title{font-size:3rem;line-height:1.0833;margin-bottom:1.5rem;color:var(--kv-ee-title2)}@media(min-width:768px){.meruhy39 .kv-ee-cover-title{font-size:4rem;line-height:1.125}}@media(min-width:1200px){.meruhy39 .kv-ee-cover-title{font-size:4rem;line-height:1.125}}@media(min-width:1680px){.meruhy39 .kv-ee-cover-title{font-size:5rem;line-height:1}}@media(max-width:575.99px){.meruhy39 .kv-ee-offset-lg-1{order:1}.meruhy39 .kv-ee-subsection{order:2}}@media(min-width:992px){.meruhy39 .kv-ee-subsection{margin-top:1rem}}@media(min-width:768px){.meruhy39 .kv-ee-spacing{padding-left:2rem;padding-right:2rem}}.meruhy39 .kv-ee-cover-subtitle{max-width:454px}.meruhy39 .kv-ee-cover-description{margin-bottom:2rem}.meruhy39 .kv-ee-button{margin-bottom:1rem}.meruhy39 .kv-ee-align-left{text-align:left}.meruhy39 .kv-ee-align-left .kv-ee-button{margin-right:1rem}.meruhy39 .kv-ee-align-left .kv-ee-cover-subtitle,.meruhy39 .kv-ee-align-left .kv-ee-cover-description{margin-right:auto}.meruhy39 .kv-ee-align-center{text-align:center}.meruhy39 .kv-ee-align-center .kv-ee-button{margin-right:.5rem;margin-left:.5rem}.meruhy39 .kv-ee-align-center .kv-ee-cover-subtitle,.meruhy39 .kv-ee-align-center .kv-ee-cover-description{margin-right:auto;margin-left:auto}.meruhy39 .kv-ee-align-right{text-align:right}.meruhy39 .kv-ee-align-right .kv-ee-button{margin-left:1rem}.meruhy39 .kv-ee-align-right .kv-ee-cover-subtitle,.meruhy39 .kv-ee-align-right .kv-ee-cover-description{margin-left:auto}@media(min-width:1200px){.meruhy39 .kv-ee-section:not(.kv-full-page){min-height:400px}}@media(min-width:1400px){.meruhy39 .kv-ee-section:not(.kv-full-page){min-height:450px}}@media(min-width:1600px){.meruhy39 .kv-ee-section:not(.kv-full-page){min-height:500px}}@media(min-width:1800px){.meruhy39 .kv-ee-section:not(.kv-full-page){min-height:550px}}@media(min-width:2000px){.meruhy39 .kv-ee-section:not(.kv-full-page){min-height:600px}}@media(min-width:2200px){.meruhy39 .kv-ee-section:not(.kv-full-page){min-height:700px}}<\/style><div\n      class=\"kv-control-placeholder kv-_page\"\n      data-kv-control=\"2\">\n    <\/div> <section class=\"background-id_2 section-3 gadege31 undefined\" style=\" position:relative;\">\n  <a name=\"section3\"><\/a>\n    <div\n    class=\"kv-control-placeholder kv-_section\"\n    data-kv-control=\"background\">\n  <\/div> <div class='kv-background  ' style=\" background-color: rgb(208,190,194);\">\n        \n        <div class='kv-background-inner '  style=\"\n          \n          \n          \n          background-color: rgb(208,190,194);\n          \"><\/div>\n          \n<\/div>\n  <div class=\"position-relative kv-content\">\n    <div\n    class=\"kv-control-placeholder kv-_section\"\n    data-kv-control=\"content\">\n  <\/div> <div class=\"kv-ee-section kv-ee-left kv-ee-section--lg kv-notify-inview\"><div class=\"kv-ee-container\"><div class=\"kv-ee-row\"><div class=\"kv-ee-col-sm-5\"><div data-aspect-ratio=\"\"class=\"kv-ee-image-container kv-ee-original\"> <div data-type=\"image\" data-property=\"image\" style=\"display: flex; height: 100%; align-items: center;\">\n      <img decoding=\"async\"\n         class=\"kv-ee-content-image loader\"alt=\"black and gray stethoscope\"\n        style=\"width: 100%; height: auto; padding-bottom: 0;background-position: center center;background-repeat: no-repeat;\"\n        data-setting=\"border\"\n        src=\"https:\/\/images.builderservices.io\/s\/cdn\/v1.0\/i\/m?url=https%3A%2F%2Fimages.unsplash.com%2Fphoto-1505751172876-fa1923c5c528%3Fcrop%3Dentropy%26cs%3Dtinysrgb%26fit%3Dmax%26fm%3Djpg%26ixid%3DMnw1NTEzfDB8MXxzZWFyY2h8Nnx8SGVhbHRofGVufDF8fHx8MTYyODYwNDU3Ng%26ixlib%3Drb-1.2.1%26q%3D80%26w%3D200\"\n      \/>\n      \n    <\/div> <\/div><\/div><div class=\"kv-ee-col-sm-7 kv-ee-margin-mobile\"><div class=\"kv-ee-section-text kv-ee-align-left\"> <h2 class=\"kv-ee-section-title kv-ee-title--lg\" data-type=\"text\" tabindex=\"0\">Bienvenidos y Gracias<span data-prop=\"title\" class=\"ck-editable-element\" data-editable=\"basic\" style=\"display:none;\"><\/span><\/h2> <p class=\"kv-ee-section-subtitle kv-ee-section-subtitle--sm\" data-type=\"text\" tabindex=\"0\">Si usted desea cooperar con la fundaci\u00f3n puede utilizar nuestra direcci\u00f3n en GoFundMe<br><br>Becas CESI<br><br><span data-prop=\"subtitle\" class=\"ck-editable-element\" data-editable=\"basic\" style=\"display:none;\"><\/span><\/p> <p class=\"kv-ee-section-description kv-ee-body--md\" data-type=\"text\" tabindex=\"0\">El 100% de su donaci\u00f3n se utilizar\u00e1 ayudara a estudiante a completar sus carreras.<span data-prop=\"description\" class=\"ck-editable-element\" data-editable=\"basic\" style=\"display:none;\"><\/span><\/p>  <\/div><\/div><\/div><\/div><\/div>\n  <\/div>\n<\/section>\n<style scoped>.gadege31 .kv-notify-inview{opacity:0;transition:opacity 500ms}.gadege31 .kv-inview{opacity:1}.gadege31 .kv-ee-content-image{width:100%;padding-top:0 !important;height:100%;background-size:cover;background-position:center center;background-repeat:no-repeat}.gadege31 .kv-ee-button{margin-top:.5rem;margin-bottom:.5rem}.gadege31 .kv-ee-align-left{text-align:left}.gadege31 .kv-ee-align-left .kv-ee-button{margin-right:.5rem}.gadege31 .kv-ee-align-center{text-align:center}.gadege31 .kv-ee-align-center .kv-ee-button{margin-left:.25rem;margin-right:.25rem}.gadege31 .kv-ee-align-right{text-align:right}.gadege31 .kv-ee-align-right .kv-ee-button{margin-left:.5rem}.gadege31 .kv-ee-rounded-corners .kv-ee-content-image{border-radius:.5rem}.gadege31 .kv-ee-drop-shadow .kv-ee-content-image{box-shadow:0 .25rem 1rem rgba(0,0,0,.3)}.gadege31 .kv-ee-landscape .kv-ee-content-image{padding-bottom:56.5%}.gadege31 .kv-ee-portrait .kv-ee-content-image{padding-bottom:133%}.gadege31 .kv-ee-square .kv-ee-content-image,.gadege31 .kv-ee-circle .kv-ee-content-image{padding-bottom:100%}.gadege31 .kv-ee-circle .kv-ee-content-image{border-radius:50%}.gadege31 .kv-ee-image-container{height:100%}.gadege31 .kv-ee-portrait,.gadege31 .kv-ee-landscape,.gadege31 .kv-ee-square,.gadege31 .kv-ee-circle,.gadege31 .kv-ee-blob{height:unset}.gadege31 .kv-ee-filled{height:100%;position:relative}@media(max-width:575px){.gadege31 .kv-ee-filled .kv-ee-content-image{padding-bottom:50%}.gadege31 .kv-ee-section-text{padding:1.5rem 0 !important}.gadege31 .kv-ee-circle .kv-ee-content-image{border-radius:50%;padding-bottom:50%;width:50%;margin:0 auto}}.gadege31 .kv-ee-effect-zoom-in,.gadege31 .kv-ee-effect-shine,.gadege31 .kv-ee-effect-sepia,.gadege31 .kv-ee-effect-grayscale,.gadege31 .kv-ee-effect-blur{height:100%}<\/style><div\n      class=\"kv-control-placeholder kv-_page\"\n      data-kv-control=\"3\">\n    <\/div> <section class=\"background-id_0 section-4 wagiwo50\" style=\" position:relative;\">\n  <a name=\"section4\"><\/a>\n    <div\n    class=\"kv-control-placeholder kv-_section\"\n    data-kv-control=\"background\">\n  <\/div> <div class='kv-background  ' style=\" background-color: rgb(255,255,255);\">\n        \n        <div class='kv-background-inner '  style=\"\n          \n          \n          \n          background-color: rgb(255,255,255);\n          \"><\/div>\n          \n<\/div>\n  <div class=\"position-relative kv-content\">\n    <div\n    class=\"kv-control-placeholder kv-_section\"\n    data-kv-control=\"content\">\n  <\/div> <div class=\"kv-ee-section kv-ee-section--lg \"><div class=\"kv-ee-container\"><div class=\"kv-ee-row\"><div class=\"kv-ee-col-lg-8 kv-ee-mx-auto\"><div class=\"kv-ee-content-card  \">  <form class=\"kv-ee-subscribe kv-ee-form-success-hide kv-ee-form-container\"><div class=\"kv-ee-section-text kv-ee-content-text\"> <div class='kv-ee-hidden-form-data' data-sectionid='4'><\/div> \n    <div class=\"kv-ee-section-icon kv-ee-on_card kv-ee-icon\" data-type=\"icon\" data-property=\"icon\">\n      <i class=\"fa fa-envelope\"> <\/i>\n    <\/div>\n   <h2 class=\"kv-ee-on_card kv-ee-section-title kv-ee-section-title--sm\" data-type=\"text\" tabindex=\"0\">Suscr\u00edbete<span data-prop=\"title\" class=\"ck-editable-element\" data-editable=\"basic\" style=\"display:none;\"><\/span><\/h2> <p class=\"kv-ee-on_card kv-ee-section-subtitle--sm\" data-type=\"text\" tabindex=\"0\">estaremos enviando informaci\u00f3n de los movimientos ejecutados por la fundaci\u00f3n<span data-prop=\"subtitle\" class=\"ck-editable-element\" data-editable=\"basic\" style=\"display:none;\"><\/span><\/p>  <\/div><div class=\"kv-ee-form-group\"data-type=\"subscribe\"><input class=\"kv-ee-form-control\"id=\"fieldEmail\"type=\"email\"placeholder=\"Enter your e-mail address\"required=\"\"data-validation-required-message=\"Please enter your email address.\"aria-invalid=\"false\"aria-label=\"Enter your e-mail address\"><\/div><div class=\"kv-ee-captcha-field-wrapper\"><\/div><div class=\"kv-ee-new-line\"><\/div> <button  class=\"\n    kv-ee-button kv-ee-submit kv-ee-button-card kv-ee-button-lg undefined\n    kv-ee-button-dynamic-buttons kv-button-instant-edit\n    undefined kv-ee-button-primary\n  \" data-index=\"0\" data-type=\"button\" tabindex=\"0\"  data-property=\"formData.submitButton\" >\n    \n    <div style=\"\">Suscr\u00edbete\n    <div\n      data-editable=\"button\"\n      data-prop=\"formData.submitButton.title\"\n      style=\"display:none;\"><\/div>\n    <\/div>\n  <\/button> <div class=\"kv-ee-fieldSubscribe-container\">\n      <label>\n        <input\n          type=\"checkbox\"\n          id=\"fieldSubscribe\"\n          value=true\n          style=\"display: none\"\n          data-nameLabel=\"Al enviar su informaci\u00f3n, nos est\u00e1 otorgando permiso para enviarle correo electr\u00f3nico. Puede darse de baja en cualquier momento.\"\n          aria-label=\"Al enviar su informaci\u00f3n, nos est\u00e1 otorgando permiso para enviarle correo electr\u00f3nico. Puede darse de baja en cualquier momento.\"\n        \/>\n        Al enviar su informaci\u00f3n, nos est\u00e1 otorgando permiso para enviarle correo electr\u00f3nico. Puede darse de baja en cualquier momento.\n      <\/label>\n    <\/div> <\/form><div class=\"kv-ee-contact-form-success\"> <div class='kv-ee-success-message-wrapper'>\n        <div class='kv-ee-section-icon kv-ee-on_card kv-ee-icon' data-type='icon'>\n          <i class='fa fa-check-circle' aria-hidden='true'><\/i>\n        <\/div>\n        <h3>Gracias<\/h3>\n        Estaremos brindando informaci\u00f3n a su correo, gracias\n      <\/div> <\/div><\/div><\/div><\/div><\/div><\/div>\n  <\/div>\n<\/section>\n<style scoped>.wagiwo50 .kv-ee-section{height:100%;display:flex;align-items:center}.wagiwo50 .kv-ee-preview-form-container{padding:12px 0}.wagiwo50 .kv-ee-content-card{padding:1rem;background-color:var(--kv-ee-card);color:var(--kv-ee-text1-card);text-shadow:none}@media(min-width:768px){.wagiwo50 .kv-ee-content-card{padding:2rem}}.wagiwo50 .kv-ee-icon{font-size:2rem;margin-bottom:1rem;text-shadow:none}.wagiwo50 .kv-ee-new-line{height:1rem;width:100%}.wagiwo50 form{display:flex;flex-wrap:wrap}.wagiwo50 .kv-ee-form-group{flex:1 0 100%;margin-bottom:1rem}.wagiwo50 input.kv-ee-form-control{border-radius:.25rem;border:none;font-size:1.125rem;padding:1rem .75rem;height:100%;background-color:hsl(var(--kv-ee-white--h),var(--kv-ee-white--s),calc(var(--kv-ee-white--l) - 5%));width:100%}.wagiwo50 label{display:block}.wagiwo50 input::placeholder{color:hsl(var(--kv-ee-black--h),var(--kv-ee-black--s),calc(var(--kv-ee-black--l) + 30%));text-align:center}.wagiwo50 .kv-ee-submit{padding:.75rem;display:flex;align-items:center;border-radius:.25rem;border:none}.wagiwo50 .kv-ee-rounded-corners{border-radius:.5rem}.wagiwo50 .kv-ee-align-left{text-align:left}.wagiwo50 .kv-ee-align-left form{justify-content:flex-start}.wagiwo50 .kv-ee-align-center{text-align:center}.wagiwo50 .kv-ee-align-center form{justify-content:center}.wagiwo50 .kv-ee-align-right{text-align:right}.wagiwo50 .kv-ee-align-right form{justify-content:flex-end}.wagiwo50 .kv-ee-contact-form-success{padding-top:0;padding-bottom:0;position:absolute;overflow:hidden;transition:all 320ms;top:0;left:15px;width:calc(100% - 30px);height:calc(100% - 2px);display:flex;justify-content:center;align-items:center;transform:none}.wagiwo50 .kv-ee-contact-form-success h2{color:var(--kv-ee-title2-card);text-shadow:none}.wagiwo50 .kv-ee-contact-form-success.kv-ee-show{background-color:var(--kv-ee-card)}.wagiwo50 .kv-ee-feature-modal-close-button{position:relative !important;right:-1rem !important;top:-1rem !important;opacity:unset !important;margin-left:auto;width:2.5rem !important;height:2.5rem !important;justify-content:center;align-items:center;display:flex;background-color:rgba(var(--kv-ee-text1-rgb),0);transition:all 240ms !important;border-radius:.25rem}.wagiwo50 .kv-ee-feature-modal-close-button:hover{background-color:rgba(var(--kv-ee-text1-rgb),.1)}.wagiwo50 .kv-ee-feature-modal-close-button .fa{color:var(--kv-ee-text1-card);text-shadow:none;display:none}.wagiwo50.kv-ee-popover-mode{width:100vw;height:100vh;display:flex;justify-content:center;align-items:center;overflow:auto}.wagiwo50.kv-ee-popover-mode .kv-ee-feature-modal-close-button .fa{display:block}.wagiwo50.kv-ee-popover-mode .kv-content{max-height:100vh;width:100%}<\/style>","protected":false},"excerpt":{"rendered":"","protected":false},"author":1,"featured_media":0,"parent":0,"menu_order":0,"comment_status":"closed","ping_status":"closed","template":"wb4wp-template.php","meta":{"nf_dc_page":"","WB4WB4WP_MODE":"","WB4WP_PAGE_SCRIPTS":"","WB4WP_PAGE_STYLES":"","WB4WP_PAGE_FONTS":"","WB4WP_PAGE_HEADER":"","WB4WP_PAGE_FOOTER":"","footnotes":""},"class_list":["post-4","page","type-page","status-publish","hentry"],"jetpack_sharing_enabled":true,"_links":{"self":[{"href":"https:\/\/becascesi.org\/index.php?rest_route=\/wp\/v2\/pages\/4","targetHints":{"allow":["GET"]}}],"collection":[{"href":"https:\/\/becascesi.org\/index.php?rest_route=\/wp\/v2\/pages"}],"about":[{"href":"https:\/\/becascesi.org\/index.php?rest_route=\/wp\/v2\/types\/page"}],"author":[{"embeddable":true,"href":"https:\/\/becascesi.org\/index.php?rest_route=\/wp\/v2\/users\/1"}],"replies":[{"embeddable":true,"href":"https:\/\/becascesi.org\/index.php?rest_route=%2Fwp%2Fv2%2Fcomments&post=4"}],"version-history":[{"count":1,"href":"https:\/\/becascesi.org\/index.php?rest_route=\/wp\/v2\/pages\/4\/revisions"}],"predecessor-version":[{"id":309,"href":"https:\/\/becascesi.org\/index.php?rest_route=\/wp\/v2\/pages\/4\/revisions\/309"}],"wp:attachment":[{"href":"https:\/\/becascesi.org\/index.php?rest_route=%2Fwp%2Fv2%2Fmedia&parent=4"}],"curies":[{"name":"wp","href":"https:\/\/api.w.org\/{rel}","templated":true}]}}